{"id":40,"date":"2020-04-15T13:33:30","date_gmt":"2020-04-15T13:33:30","guid":{"rendered":"http:\/\/www.zd-agency.cz\/?page_id=40"},"modified":"2020-04-15T18:35:05","modified_gmt":"2020-04-15T18:35:05","slug":"homepage","status":"publish","type":"page","link":"https:\/\/www.zd-agency.cz\/homepage\/","title":{"rendered":"Homepage"},"content":{"rendered":"\t\t<div data-elementor-type=\"wp-page\" data-elementor-id=\"40\" class=\"elementor elementor-40\">\n\t\t\t\t\t\t<section class=\"elementor-section elementor-top-section elementor-element elementor-element-8ffa6aa elementor-section-boxed elementor-section-height-default elementor-section-height-default\" data-id=\"8ffa6aa\" data-element_type=\"section\" data-e-type=\"section\">\n\t\t\t\t\t\t<div class=\"elementor-container elementor-column-gap-default\">\n\t\t\t\t\t<div class=\"elementor-column elementor-col-100 elementor-top-column elementor-element elementor-element-750e2c2\" data-id=\"750e2c2\" data-element_type=\"column\" data-e-type=\"column\">\n\t\t\t<div class=\"elementor-widget-wrap elementor-element-populated\">\n\t\t\t\t\t\t<div class=\"elementor-element elementor-element-eeac706 elementor-widget elementor-widget-spacer\" data-id=\"eeac706\" data-element_type=\"widget\" data-e-type=\"widget\" data-widget_type=\"spacer.default\">\n\t\t\t\t<div class=\"elementor-widget-container\">\n\t\t\t\t\t\t\t<div class=\"elementor-spacer\">\n\t\t\t<div class=\"elementor-spacer-inner\"><\/div>\n\t\t<\/div>\n\t\t\t\t\t\t<\/div>\n\t\t\t\t<\/div>\n\t\t\t\t<div class=\"elementor-element elementor-element-727bba1 elementor-widget__width-inherit elementor-widget elementor-widget-image\" data-id=\"727bba1\" data-element_type=\"widget\" data-e-type=\"widget\" data-widget_type=\"image.default\">\n\t\t\t\t<div class=\"elementor-widget-container\">\n\t\t\t\t\t\t\t\t\t\t\t\t\t\t\t<img fetchpriority=\"high\" decoding=\"async\" width=\"2560\" height=\"1181\" src=\"https:\/\/www.zd-agency.cz\/wp-content\/uploads\/2020\/04\/nnotebook-long-scaled.jpg\" class=\"attachment-full size-full wp-image-142\" alt=\"\" srcset=\"http:\/\/www.zd-agency.cz\/wp-content\/uploads\/2020\/04\/nnotebook-long-scaled.jpg 2560w, http:\/\/www.zd-agency.cz\/wp-content\/uploads\/2020\/04\/nnotebook-long-300x138.jpg 300w, http:\/\/www.zd-agency.cz\/wp-content\/uploads\/2020\/04\/nnotebook-long-1024x472.jpg 1024w, http:\/\/www.zd-agency.cz\/wp-content\/uploads\/2020\/04\/nnotebook-long-768x354.jpg 768w, http:\/\/www.zd-agency.cz\/wp-content\/uploads\/2020\/04\/nnotebook-long-1536x708.jpg 1536w, http:\/\/www.zd-agency.cz\/wp-content\/uploads\/2020\/04\/nnotebook-long-2048x945.jpg 2048w\" sizes=\"(max-width: 2560px) 100vw, 2560px\" \/>\t\t\t\t\t\t\t\t\t\t\t\t\t\t\t<\/div>\n\t\t\t\t<\/div>\n\t\t\t\t<div class=\"elementor-element elementor-element-dce1028 elementor-widget elementor-widget-spacer\" data-id=\"dce1028\" data-element_type=\"widget\" data-e-type=\"widget\" data-widget_type=\"spacer.default\">\n\t\t\t\t<div class=\"elementor-widget-container\">\n\t\t\t\t\t\t\t<div class=\"elementor-spacer\">\n\t\t\t<div class=\"elementor-spacer-inner\"><\/div>\n\t\t<\/div>\n\t\t\t\t\t\t<\/div>\n\t\t\t\t<\/div>\n\t\t\t\t<div class=\"elementor-element elementor-element-a55c88b elementor-widget elementor-widget-text-editor\" data-id=\"a55c88b\" data-element_type=\"widget\" data-e-type=\"widget\" data-widget_type=\"text-editor.default\">\n\t\t\t\t<div class=\"elementor-widget-container\">\n\t\t\t\t\t\t\t\t\t<p>V\u00edtejte na str\u00e1nk\u00e1ch reklamn\u00ed, marketingov\u00e9 a komunika\u010dn\u00ed agentury ZD Agency.<\/p><p>Formou fullservisu realizujeme Va\u0161e d\u00edl\u010d\u00ed nebo kompletn\u00ed marketingov\u00e9 a reklamn\u00ed pot\u0159eby. Na\u0161\u00ed filozofi\u00ed je d\u011blat to, co d\u011blaj\u00ed mnoz\u00ed, ale s\u00a0odli\u0161n\u00fdm, maxim\u00e1ln\u011b osobn\u00edm p\u0159\u00edstupem k\u00a0z\u00e1kazn\u00edkovi, ke ka\u017ed\u00e9 jeho pot\u0159eb\u011b, ke ka\u017ed\u00e9mu jeho po\u017eadavku. Z\u00e1kladem dobr\u00e9 spolupr\u00e1ce je toti\u017e porozum\u011bn\u00ed si se zadavatelem. Jen tak je mo\u017en\u00e9 spole\u010dn\u011b dos\u00e1hnou dokonal\u00fdch v\u00fdsledk\u016f a to je n\u00e1\u0161 c\u00edl. D\u011blat s\u00a0invenc\u00ed a nad\u0161en\u00edm to, co n\u00e1s bav\u00ed a b\u00fdt tak prosp\u011b\u0161n\u00ed klient\u016fm, kte\u0159\u00ed se pak r\u00e1di vracej\u00ed. <\/p>\t\t\t\t\t\t\t\t<\/div>\n\t\t\t\t<\/div>\n\t\t\t\t\t<\/div>\n\t\t<\/div>\n\t\t\t\t\t<\/div>\n\t\t<\/section>\n\t\t\t\t<section class=\"elementor-section elementor-top-section elementor-element elementor-element-fa0e6fb elementor-section-boxed elementor-section-height-default elementor-section-height-default\" data-id=\"fa0e6fb\" data-element_type=\"section\" data-e-type=\"section\">\n\t\t\t\t\t\t<div class=\"elementor-container elementor-column-gap-default\">\n\t\t\t\t\t<div class=\"elementor-column elementor-col-100 elementor-top-column elementor-element elementor-element-62d7c14\" data-id=\"62d7c14\" data-element_type=\"column\" data-e-type=\"column\">\n\t\t\t<div class=\"elementor-widget-wrap\">\n\t\t\t\t\t\t\t<\/div>\n\t\t<\/div>\n\t\t\t\t\t<\/div>\n\t\t<\/section>\n\t\t\t\t<\/div>\n\t\t","protected":false},"excerpt":{"rendered":"<p>V\u00edtejte na str\u00e1nk\u00e1ch reklamn\u00ed, marketingov\u00e9 a komunika\u010dn\u00ed agentury ZD Agency. Formou fullservisu realizujeme Va\u0161e d\u00edl\u010d\u00ed nebo kompletn\u00ed marketingov\u00e9 a reklamn\u00ed pot\u0159eby. Na\u0161\u00ed filozofi\u00ed je d\u011blat to, co d\u011blaj\u00ed mnoz\u00ed, ale s\u00a0odli\u0161n\u00fdm, maxim\u00e1ln\u011b osobn\u00edm p\u0159\u00edstupem k\u00a0z\u00e1kazn\u00edkovi, ke ka\u017ed\u00e9 jeho pot\u0159eb\u011b, ke ka\u017ed\u00e9mu jeho po\u017eadavku. Z\u00e1kladem dobr\u00e9 spolupr\u00e1ce je toti\u017e porozum\u011bn\u00ed si se zadavatelem. Jen tak je [&hellip;]<\/p>\n","protected":false},"author":1,"featured_media":49,"parent":0,"menu_order":0,"comment_status":"closed","ping_status":"closed","template":"elementor_header_footer","meta":{"site-sidebar-layout":"default","site-content-layout":"default","ast-site-content-layout":"default","site-content-style":"default","site-sidebar-style":"default","ast-global-header-display":"","ast-banner-title-visibility":"","ast-main-header-display":"","ast-hfb-above-header-display":"","ast-hfb-below-header-display":"","ast-hfb-mobile-header-display":"","site-post-title":"","ast-breadcrumbs-content":"","ast-featured-img":"","footer-sml-layout":"","ast-disable-related-posts":"","theme-transparent-header-meta":"default","adv-header-id-meta":"","stick-header-meta":"","header-above-stick-meta":"","header-main-stick-meta":"","header-below-stick-meta":"","astra-migrate-meta-layouts":"default","ast-page-background-enabled":"default","ast-page-background-meta":{"desktop":{"background-color":"","background-image":"","background-repeat":"repeat","background-position":"center center","background-size":"auto","background-attachment":"scroll","background-type":"","background-media":"","overlay-type":"","overlay-color":"","overlay-opacity":"","overlay-gradient":""},"tablet":{"background-color":"","background-image":"","background-repeat":"repeat","background-position":"center center","background-size":"auto","background-attachment":"scroll","background-type":"","background-media":"","overlay-type":"","overlay-color":"","overlay-opacity":"","overlay-gradient":""},"mobile":{"background-color":"","background-image":"","background-repeat":"repeat","background-position":"center center","background-size":"auto","background-attachment":"scroll","background-type":"","background-media":"","overlay-type":"","overlay-color":"","overlay-opacity":"","overlay-gradient":""}},"ast-content-background-meta":{"desktop":{"background-color":"var(--ast-global-color-5)","background-image":"","background-repeat":"repeat","background-position":"center center","background-size":"auto","background-attachment":"scroll","background-type":"","background-media":"","overlay-type":"","overlay-color":"","overlay-opacity":"","overlay-gradient":""},"tablet":{"background-color":"var(--ast-global-color-5)","background-image":"","background-repeat":"repeat","background-position":"center center","background-size":"auto","background-attachment":"scroll","background-type":"","background-media":"","overlay-type":"","overlay-color":"","overlay-opacity":"","overlay-gradient":""},"mobile":{"background-color":"var(--ast-global-color-5)","background-image":"","background-repeat":"repeat","background-position":"center center","background-size":"auto","background-attachment":"scroll","background-type":"","background-media":"","overlay-type":"","overlay-color":"","overlay-opacity":"","overlay-gradient":""}},"footnotes":""},"class_list":["post-40","page","type-page","status-publish","has-post-thumbnail","hentry"],"_links":{"self":[{"href":"https:\/\/www.zd-agency.cz\/homepage\/wp-json\/wp\/v2\/pages\/40","targetHints":{"allow":["GET"]}}],"collection":[{"href":"https:\/\/www.zd-agency.cz\/homepage\/wp-json\/wp\/v2\/pages"}],"about":[{"href":"https:\/\/www.zd-agency.cz\/homepage\/wp-json\/wp\/v2\/types\/page"}],"author":[{"embeddable":true,"href":"https:\/\/www.zd-agency.cz\/homepage\/wp-json\/wp\/v2\/users\/1"}],"replies":[{"embeddable":true,"href":"https:\/\/www.zd-agency.cz\/homepage\/wp-json\/wp\/v2\/comments?post=40"}],"version-history":[{"count":0,"href":"https:\/\/www.zd-agency.cz\/homepage\/wp-json\/wp\/v2\/pages\/40\/revisions"}],"wp:featuredmedia":[{"embeddable":true,"href":"https:\/\/www.zd-agency.cz\/homepage\/wp-json\/wp\/v2\/media\/49"}],"wp:attachment":[{"href":"https:\/\/www.zd-agency.cz\/homepage\/wp-json\/wp\/v2\/media?parent=40"}],"curies":[{"name":"wp","href":"https:\/\/api.w.org\/{rel}","templated":true}]}}